{"id":2235,"date":"2025-05-20T19:18:18","date_gmt":"2025-05-20T11:18:18","guid":{"rendered":"https:\/\/www.andelutech.com\/?post_type=product&#038;p=2235"},"modified":"2025-05-29T15:36:13","modified_gmt":"2025-05-29T07:36:13","slug":"x-series-electrical-connector","status":"publish","type":"product","link":"https:\/\/www.andelutech.com\/de\/product\/x-series-electrical-connector\/","title":{"rendered":"Elektrischer Stecker der X -Serie"},"content":{"rendered":"<p>Wenn interessiert, pls kontaktieren Sie uns:<strong><b>\u00a0<\/b><\/strong><a href=\"mailto:info@joinsunny.cn\"><span style=\"color: #0000ff;\"><strong><b>info@andelu.cn<\/b><\/strong><\/span><\/a><\/p>","protected":false},"excerpt":{"rendered":"<p>Das Produkt entspricht den Anforderungen des q \/3E 20006-2003 Standard und entspricht elektrische Anschl\u00fcsse mit dem russischen Namenscode von 2Pm, 14 pm &amp; ggr; usw. und erf\u00fcllt die technische Spezifikation von \u0433\u044fo.\u00a0 Es wird in Luftfahrt, Waffe sowie anderen milit\u00e4rischen und zivilen Feldern weit verbreitet und verwendet, um elektrische Ger\u00e4te und Funkkreislauf zuverl\u00e4ssig zu verbinden und zu trennen<\/p>","protected":false},"featured_media":2486,"comment_status":"open","ping_status":"closed","template":"","meta":[],"product_brand":[],"product_cat":[36],"product_tag":[],"class_list":{"0":"post-2235","1":"product","2":"type-product","3":"status-publish","4":"has-post-thumbnail","6":"product_cat-electrical-connector","8":"first","9":"instock","10":"shipping-taxable","11":"product-type-simple"},"_links":{"self":[{"href":"https:\/\/www.andelutech.com\/de\/wp-json\/wp\/v2\/product\/2235","targetHints":{"allow":["GET"]}}],"collection":[{"href":"https:\/\/www.andelutech.com\/de\/wp-json\/wp\/v2\/product"}],"about":[{"href":"https:\/\/www.andelutech.com\/de\/wp-json\/wp\/v2\/types\/product"}],"replies":[{"embeddable":true,"href":"https:\/\/www.andelutech.com\/de\/wp-json\/wp\/v2\/comments?post=2235"}],"wp:featuredmedia":[{"embeddable":true,"href":"https:\/\/www.andelutech.com\/de\/wp-json\/wp\/v2\/media\/2486"}],"wp:attachment":[{"href":"https:\/\/www.andelutech.com\/de\/wp-json\/wp\/v2\/media?parent=2235"}],"wp:term":[{"taxonomy":"product_brand","embeddable":true,"href":"https:\/\/www.andelutech.com\/de\/wp-json\/wp\/v2\/product_brand?post=2235"},{"taxonomy":"product_cat","embeddable":true,"href":"https:\/\/www.andelutech.com\/de\/wp-json\/wp\/v2\/product_cat?post=2235"},{"taxonomy":"product_tag","embeddable":true,"href":"https:\/\/www.andelutech.com\/de\/wp-json\/wp\/v2\/product_tag?post=2235"}],"curies":[{"name":"wp","href":"https:\/\/api.w.org\/{rel}","templated":true}]}}