{"id":2214,"date":"2025-05-20T19:01:41","date_gmt":"2025-05-20T11:01:41","guid":{"rendered":"https:\/\/www.andelutech.com\/?post_type=product&#038;p=2214"},"modified":"2025-08-29T14:18:58","modified_gmt":"2025-08-29T06:18:58","slug":"pc-series-subminiature-electrical-connector","status":"publish","type":"product","link":"https:\/\/www.andelutech.com\/de\/product\/pc-series-subminiature-electrical-connector\/","title":{"rendered":"Subminiatur -elektrische Stecker der PC -Serie"},"content":{"rendered":"<p>Wenn interessiert, pls kontaktieren Sie uns:<strong><b>\u00a0<\/b><\/strong><a href=\"mailto:info@joinsunny.cn\"><span style=\"color: #0000ff;\"><strong><b>info@andelu.cn<\/b><\/strong><\/span><\/a><\/p>","protected":false},"excerpt":{"rendered":"<p>Die subminiaturen elektrische Stecker der PC -Serie wird f\u00fcr elektrische Verbindung auf Funk- und Elektroger\u00e4ten verwendet. Mit dem Gewindeverbindungsmutter wird der Kabelstopfen an die auf dem Ger\u00e4t festgelegte Sockel angeschlossen. Beide Ger\u00e4te k\u00f6nnen direkt mit Stecker und Steckdosen eingesetzt werden, die auf Ger\u00e4ten montiert sind, um die Verbindung zu realisieren (angelenkt).<br \/>\nDer subminiature kreisf\u00f6rmige elektrische Stecker deckt versiegelte und nicht versiegelte Art ab, und Stecker und Steckdosen sind jeweils ein Schwanzzubeh\u00f6r ausgestattet. Der Sockel ist f\u00fcr den Stiftkontakt und der Stecker f\u00fcr Sockelkontakt.<br \/>\nInl\u00e4ndisches Modell: PC<\/p>","protected":false},"featured_media":2494,"comment_status":"closed","ping_status":"closed","template":"","meta":[],"product_brand":[],"product_cat":[36],"product_tag":[],"class_list":{"0":"post-2214","1":"product","2":"type-product","3":"status-publish","4":"has-post-thumbnail","6":"product_cat-electrical-connector","8":"first","9":"instock","10":"shipping-taxable","11":"product-type-simple"},"_links":{"self":[{"href":"https:\/\/www.andelutech.com\/de\/wp-json\/wp\/v2\/product\/2214","targetHints":{"allow":["GET"]}}],"collection":[{"href":"https:\/\/www.andelutech.com\/de\/wp-json\/wp\/v2\/product"}],"about":[{"href":"https:\/\/www.andelutech.com\/de\/wp-json\/wp\/v2\/types\/product"}],"replies":[{"embeddable":true,"href":"https:\/\/www.andelutech.com\/de\/wp-json\/wp\/v2\/comments?post=2214"}],"wp:featuredmedia":[{"embeddable":true,"href":"https:\/\/www.andelutech.com\/de\/wp-json\/wp\/v2\/media\/2494"}],"wp:attachment":[{"href":"https:\/\/www.andelutech.com\/de\/wp-json\/wp\/v2\/media?parent=2214"}],"wp:term":[{"taxonomy":"product_brand","embeddable":true,"href":"https:\/\/www.andelutech.com\/de\/wp-json\/wp\/v2\/product_brand?post=2214"},{"taxonomy":"product_cat","embeddable":true,"href":"https:\/\/www.andelutech.com\/de\/wp-json\/wp\/v2\/product_cat?post=2214"},{"taxonomy":"product_tag","embeddable":true,"href":"https:\/\/www.andelutech.com\/de\/wp-json\/wp\/v2\/product_tag?post=2214"}],"curies":[{"name":"wp","href":"https:\/\/api.w.org\/{rel}","templated":true}]}}