{"id":2193,"date":"2025-05-20T17:58:44","date_gmt":"2025-05-20T09:58:44","guid":{"rendered":"https:\/\/www.andelutech.com\/?post_type=product&#038;p=2193"},"modified":"2025-08-29T14:09:40","modified_gmt":"2025-08-29T06:09:40","slug":"2px-series-electrical-connector","status":"publish","type":"product","link":"https:\/\/www.andelutech.com\/de\/product\/2px-series-electrical-connector\/","title":{"rendered":"2px -Serie Elektrischer Stecker"},"content":{"rendered":"<p>Wenn interessiert, pls kontaktieren Sie uns:<strong><b>\u00a0<\/b><\/strong><a href=\"mailto:info@joinsunny.cn\"><span style=\"color: #0000ff;\"><strong><b>info@andelu.cn<\/b><\/strong><\/span><\/a><\/p>","protected":false},"excerpt":{"rendered":"<p>14.00 Uhr und 2 PM\u0434-kreisf\u00f6rmige elektrische Stecker mit kleiner Gr\u00f6\u00dfe werden zur elektrischen Verbindung von elektrischen Ger\u00e4ten und Funkger\u00e4ten verwendet. Der Stecker und die Steckdose wird durch Verwendung von Gewindemutter angeschlossen.<br \/>\nInl\u00e4ndisches Modell: 2px<br \/>\n(14.00 Uhr 2 PMetz -Serie haben das einheitliche Modell von 2px mit dem einheitlichen Kombinationscode)<\/p>","protected":false},"featured_media":2499,"comment_status":"closed","ping_status":"closed","template":"","meta":[],"product_brand":[],"product_cat":[36],"product_tag":[],"class_list":{"0":"post-2193","1":"product","2":"type-product","3":"status-publish","4":"has-post-thumbnail","6":"product_cat-electrical-connector","8":"first","9":"instock","10":"shipping-taxable","11":"product-type-simple"},"_links":{"self":[{"href":"https:\/\/www.andelutech.com\/de\/wp-json\/wp\/v2\/product\/2193","targetHints":{"allow":["GET"]}}],"collection":[{"href":"https:\/\/www.andelutech.com\/de\/wp-json\/wp\/v2\/product"}],"about":[{"href":"https:\/\/www.andelutech.com\/de\/wp-json\/wp\/v2\/types\/product"}],"replies":[{"embeddable":true,"href":"https:\/\/www.andelutech.com\/de\/wp-json\/wp\/v2\/comments?post=2193"}],"wp:featuredmedia":[{"embeddable":true,"href":"https:\/\/www.andelutech.com\/de\/wp-json\/wp\/v2\/media\/2499"}],"wp:attachment":[{"href":"https:\/\/www.andelutech.com\/de\/wp-json\/wp\/v2\/media?parent=2193"}],"wp:term":[{"taxonomy":"product_brand","embeddable":true,"href":"https:\/\/www.andelutech.com\/de\/wp-json\/wp\/v2\/product_brand?post=2193"},{"taxonomy":"product_cat","embeddable":true,"href":"https:\/\/www.andelutech.com\/de\/wp-json\/wp\/v2\/product_cat?post=2193"},{"taxonomy":"product_tag","embeddable":true,"href":"https:\/\/www.andelutech.com\/de\/wp-json\/wp\/v2\/product_tag?post=2193"}],"curies":[{"name":"wp","href":"https:\/\/api.w.org\/{rel}","templated":true}]}}