{"id":2146,"date":"2025-05-19T10:56:08","date_gmt":"2025-05-19T02:56:08","guid":{"rendered":"https:\/\/www.andelutech.com\/?post_type=product&#038;p=2146"},"modified":"2026-01-16T10:03:56","modified_gmt":"2026-01-16T02:03:56","slug":"and-qa-02b-anti-vibration-and-high-temp-accelerometer-for-oil-gas-fields","status":"publish","type":"product","link":"https:\/\/www.andelutech.com\/de\/product\/and-qa-02b-anti-vibration-and-high-temp-accelerometer-for-oil-gas-fields\/","title":{"rendered":"Und -Qa-02b-Anti-Vibration und Hochtempelermesser f\u00fcr \u00d6l- und Gasfelder"},"content":{"rendered":"<p>Wenn Sie sich f\u00fcr einen Hochleistungs -Quarzbeschleunigungsmesser interessieren, kontaktieren Sie uns mit uns:<strong><b> info@andelutech.com<\/b><\/strong><\/p>","protected":false},"excerpt":{"rendered":"<p>Anwendungen<br \/>\nUnd -Qa-02b-Anti-Vibration und Hochtempelermesser f\u00fcr \u00d6l- und Gasfeld werden speziell f\u00fcr kontinuierliche Suchsysteme im Norden angewendet und k\u00f6nnen auch bei anderen harten Arbeitsbedingungen h\u00e4ufig verwendet werden.<br \/>\nMerkmale<br \/>\nAnti-Vibration<br \/>\nHohe Genauigkeit<\/p>","protected":false},"featured_media":3563,"comment_status":"open","ping_status":"closed","template":"","meta":[],"product_brand":[],"product_cat":[25],"product_tag":[],"class_list":{"0":"post-2146","1":"product","2":"type-product","3":"status-publish","4":"has-post-thumbnail","6":"product_cat-accelerometer","8":"first","9":"instock","10":"shipping-taxable","11":"product-type-simple"},"_links":{"self":[{"href":"https:\/\/www.andelutech.com\/de\/wp-json\/wp\/v2\/product\/2146","targetHints":{"allow":["GET"]}}],"collection":[{"href":"https:\/\/www.andelutech.com\/de\/wp-json\/wp\/v2\/product"}],"about":[{"href":"https:\/\/www.andelutech.com\/de\/wp-json\/wp\/v2\/types\/product"}],"replies":[{"embeddable":true,"href":"https:\/\/www.andelutech.com\/de\/wp-json\/wp\/v2\/comments?post=2146"}],"wp:featuredmedia":[{"embeddable":true,"href":"https:\/\/www.andelutech.com\/de\/wp-json\/wp\/v2\/media\/3563"}],"wp:attachment":[{"href":"https:\/\/www.andelutech.com\/de\/wp-json\/wp\/v2\/media?parent=2146"}],"wp:term":[{"taxonomy":"product_brand","embeddable":true,"href":"https:\/\/www.andelutech.com\/de\/wp-json\/wp\/v2\/product_brand?post=2146"},{"taxonomy":"product_cat","embeddable":true,"href":"https:\/\/www.andelutech.com\/de\/wp-json\/wp\/v2\/product_cat?post=2146"},{"taxonomy":"product_tag","embeddable":true,"href":"https:\/\/www.andelutech.com\/de\/wp-json\/wp\/v2\/product_tag?post=2146"}],"curies":[{"name":"wp","href":"https:\/\/api.w.org\/{rel}","templated":true}]}}