{"id":2128,"date":"2025-05-19T10:14:31","date_gmt":"2025-05-19T02:14:31","guid":{"rendered":"https:\/\/www.andelutech.com\/?post_type=product&#038;p=2128"},"modified":"2025-12-24T15:52:05","modified_gmt":"2025-12-24T07:52:05","slug":"and-qa-03d-anti-shock-and-high-temp-quartz-accelerometer-for-oil-and-gas","status":"publish","type":"product","link":"https:\/\/www.andelutech.com\/de\/product\/and-qa-03d-anti-shock-and-high-temp-quartz-accelerometer-for-oil-and-gas\/","title":{"rendered":"Und -Qa-03d Anti-Schock und High-Temp-Quarzbeschleunigungsmesser f\u00fcr \u00d6l und Gas\u00a0"},"content":{"rendered":"<p><strong><b>Anwendungen\u00a0<\/b><\/strong><\/p>\n<p>MWD -Werkzeuge<\/p>\n<p>LWD -Werkzeuge<\/p>\n<p>Tr\u00e4gheitsnavigation<\/p>\n<p>\u00d6lbrunnenprotokollierung<\/p>\n<p>Gyro -Neigungsmesser<\/p>\n<p>Anleitung und Kontrolle<\/p>","protected":false},"excerpt":{"rendered":"<p><strong><b>Einf\u00fchrung<\/b><\/strong><\/p>\n<p>Und -qa-03d High-Temperatur\u00a0<a href=\"https:\/\/www.ericcointernational.com\/accelerometer\/quartz-accelerometer\/\">Quarzbeschleunigungsmesser<\/a>\u00a0f\u00fcr \u00f6l und gas mit hohem temp, starker anti-schock und hoher zuverl\u00e4ssigkeitsleistung kann es nicht nur bei intialtests der luftfahrt und in der luft- und raumfahrt verwendet werden, sondern auch bei statischen und dynamischen beschleunigungsmessungen. Dar\u00fcber hinaus verwendet das Beschleunigungsmesser einen Temperatursensor, den der Bediener verwenden kann, um die Parameter von Verzerrungen und Skalierungsfaktoren zu kompensieren, um den Einfluss von Temperaturfaktoren zu verringern.<\/p>\n<p>Applications \uff1aThe products are widely used for aerospace inertial navigation, guidance and control, industrial measurement and for measurement-while-drilling (MWD) in oil and gas fields.<\/p>\n<p>&nbsp;<\/p>","protected":false},"featured_media":2130,"comment_status":"open","ping_status":"closed","template":"","meta":[],"product_brand":[],"product_cat":[25],"product_tag":[],"class_list":{"0":"post-2128","1":"product","2":"type-product","3":"status-publish","4":"has-post-thumbnail","6":"product_cat-accelerometer","8":"first","9":"instock","10":"shipping-taxable","11":"product-type-simple"},"_links":{"self":[{"href":"https:\/\/www.andelutech.com\/de\/wp-json\/wp\/v2\/product\/2128","targetHints":{"allow":["GET"]}}],"collection":[{"href":"https:\/\/www.andelutech.com\/de\/wp-json\/wp\/v2\/product"}],"about":[{"href":"https:\/\/www.andelutech.com\/de\/wp-json\/wp\/v2\/types\/product"}],"replies":[{"embeddable":true,"href":"https:\/\/www.andelutech.com\/de\/wp-json\/wp\/v2\/comments?post=2128"}],"wp:featuredmedia":[{"embeddable":true,"href":"https:\/\/www.andelutech.com\/de\/wp-json\/wp\/v2\/media\/2130"}],"wp:attachment":[{"href":"https:\/\/www.andelutech.com\/de\/wp-json\/wp\/v2\/media?parent=2128"}],"wp:term":[{"taxonomy":"product_brand","embeddable":true,"href":"https:\/\/www.andelutech.com\/de\/wp-json\/wp\/v2\/product_brand?post=2128"},{"taxonomy":"product_cat","embeddable":true,"href":"https:\/\/www.andelutech.com\/de\/wp-json\/wp\/v2\/product_cat?post=2128"},{"taxonomy":"product_tag","embeddable":true,"href":"https:\/\/www.andelutech.com\/de\/wp-json\/wp\/v2\/product_tag?post=2128"}],"curies":[{"name":"wp","href":"https:\/\/api.w.org\/{rel}","templated":true}]}}