{"id":1851,"date":"2025-04-11T17:40:51","date_gmt":"2025-04-11T09:40:51","guid":{"rendered":"https:\/\/www.andelutech.com\/?post_type=product&#038;p=1851"},"modified":"2026-01-09T11:42:36","modified_gmt":"2026-01-09T03:42:36","slug":"electronic-compass","status":"publish","type":"product","link":"https:\/\/www.andelutech.com\/de\/product\/electronic-compass\/","title":{"rendered":"AND-EC-220 Electronic Compass"},"content":{"rendered":"<p><strong><b>Merkmale<\/b><\/strong><\/p>\n<p>Messbereich 0 ~ 360 \u00b0<\/p>\n<p>\u00dcberschriftengenauigkeit 1 \u00b0, Neigungsbereich \u00b1 5 \u00b0<\/p>\n<p>Industrielles Design<\/p>\n<p>Eingangsspannung DC 5V<\/p>\n<p>Breite Temperatur funktioniert -40 ~+85 \u2103<\/p>\n<p>Mit hartem magnetischem, weichem magnetischen und neigenden Kompensation<\/p>\n<p>Baud Rate 2400 ~ 115200 (einstellbar)<\/p>\n<p>Arbeitsstrom: 40 mA<\/p>\n<p>IP67 Schutzniveau<\/p>\n<p>Ausgabe rs232 \/RS485\/TTL\/MODBUS (optional)<\/p>\n<p>Kleines Volumen (33*27*8 mm) (anpassbar)<\/p>\n<p>Das Produkt ist kleiner und niedriger Stromverbrauch und kann in vielen Bereichen wie Antennenstabilit\u00e4t, Automobil- und Systemintegration verwendet werden. Starker Schockfestigkeit kann normalerweise in extrem harten Umgebungen funktionieren, was f\u00fcr die heutige miniaturisierte hohe Pr\u00e4zisionsmessung besser geeignet ist.<\/p>\n<p>Bei Interesse an und--EC-220 High Precision 2D Electronic Compass-Digitaltyp, kontaktieren Sie uns:<strong><b>\u00a0<\/b><\/strong><a href=\"mailto:info@joinsunny.cn\"><span style=\"color: #0000ff;\"><strong><b>info@joinsunny.cn<\/b><\/strong><\/span><\/a><\/p>","protected":false},"excerpt":{"rendered":"<p><strong><b>Einf\u00fchrung<\/b><\/strong><\/p>\n<p>Es handelt sich um einen hochpr\u00e4zisen zweidimensionalen elektronischen Kompass, der den Azimut von 0 bis 360 \u00b0 misst und die US-Patenttechnologie eingef\u00fchrt hat. Es besteht aus industriellem Mikrocontroller mit hoher Zuverl\u00e4ssigkeit und starker Anti-Interferenz-F\u00e4higkeit, hochpr\u00e4ziser Magnetisch\u00a0<span style=\"color: #0000ff;\">sensor<\/span>\u00a0antrieb chips und integriert harte magnetinterferenz und weiche magnetinterferenzkompensationstechnologie. Es kann nach Kundenbed\u00fcrfnissen angepasst werden, und es ist sehr bequem, die elektronische Kompassfunktion schnell in verschiedene Produkte zu integrieren.<\/p>\n<p><strong><b>Anwendungen<\/b><\/strong><\/p>\n<p>Einzelne Kampfausr\u00fcstung<\/p>\n<p>Satelliten -Solarantennenpositionierung<\/p>\n<p>Niedriges AGV -Auto<\/p>\n<p>Bergbaumaschinerie, \u00d6lprotokollierungsausr\u00fcstung<\/p>\n<p>Medizinische Ausr\u00fcstung<\/p>\n<p>GIMP -Leveling<\/p>\n<p>UAV -Positionierung und Navigation<\/p>\n<p>Neigungsbasierte \u00dcberwachung<\/p>\n<p>Verschiedene Baumaschinenwinkelregelung<\/p>\n<p>Inspektion von Br\u00fccken und D\u00e4mmen<\/p>\n<p>&nbsp;<\/p>","protected":false},"featured_media":1853,"comment_status":"open","ping_status":"closed","template":"","meta":[],"product_brand":[],"product_cat":[41],"product_tag":[],"class_list":{"0":"post-1851","1":"product","2":"type-product","3":"status-publish","4":"has-post-thumbnail","6":"product_cat-compass","8":"first","9":"instock","10":"shipping-taxable","11":"product-type-simple"},"_links":{"self":[{"href":"https:\/\/www.andelutech.com\/de\/wp-json\/wp\/v2\/product\/1851","targetHints":{"allow":["GET"]}}],"collection":[{"href":"https:\/\/www.andelutech.com\/de\/wp-json\/wp\/v2\/product"}],"about":[{"href":"https:\/\/www.andelutech.com\/de\/wp-json\/wp\/v2\/types\/product"}],"replies":[{"embeddable":true,"href":"https:\/\/www.andelutech.com\/de\/wp-json\/wp\/v2\/comments?post=1851"}],"wp:featuredmedia":[{"embeddable":true,"href":"https:\/\/www.andelutech.com\/de\/wp-json\/wp\/v2\/media\/1853"}],"wp:attachment":[{"href":"https:\/\/www.andelutech.com\/de\/wp-json\/wp\/v2\/media?parent=1851"}],"wp:term":[{"taxonomy":"product_brand","embeddable":true,"href":"https:\/\/www.andelutech.com\/de\/wp-json\/wp\/v2\/product_brand?post=1851"},{"taxonomy":"product_cat","embeddable":true,"href":"https:\/\/www.andelutech.com\/de\/wp-json\/wp\/v2\/product_cat?post=1851"},{"taxonomy":"product_tag","embeddable":true,"href":"https:\/\/www.andelutech.com\/de\/wp-json\/wp\/v2\/product_tag?post=1851"}],"curies":[{"name":"wp","href":"https:\/\/api.w.org\/{rel}","templated":true}]}}