{"id":1839,"date":"2025-04-11T17:31:08","date_gmt":"2025-04-11T09:31:08","guid":{"rendered":"https:\/\/www.andelutech.com\/?post_type=product&#038;p=1839"},"modified":"2026-01-09T13:50:23","modified_gmt":"2026-01-09T05:50:23","slug":"low-costfog-rate-gyroscope","status":"publish","type":"product","link":"https:\/\/www.andelutech.com\/de\/product\/low-costfog-rate-gyroscope\/","title":{"rendered":"AND-FOG-25 Low Cost FOG Rate Gyroscope"},"content":{"rendered":"<p><strong><b>Spezifikationen<\/b><\/strong><\/p>\n<p>Messbereich: 500 \u00b0 \/ s, einstellbar;<br \/>\nBias-Stabilit\u00e4t von (1\u03c3): 1-5 \u00b0 \/ h;<br \/>\nAufl\u00f6sung: 0,5 \u00b0 \/ h;<br \/>\nSkalierungsfaktor-Nichtlinearit\u00e4t (1\u03c3): 300 ppm;<br \/>\nZuf\u00e4lliger Walk -Koeffizient: 0,1 (\u00b0 \/ \u221ah);<br \/>\nBandbreite: nicht weniger als 400 Hz;<br \/>\nStromverbrauch: weniger als 3W;<br \/>\nArbeitstemperatur: M1A: -40 \u00b0 C bis +60 \u00b0 C;<br \/>\nStromversorgung: \u00b1 5 V DC (Stromgenauigkeit \u00b1 5%, Ripple weniger als 30 mV)<br \/>\nSchnittstelle: RS-422<br \/>\nAbmessungen: \u03c625mm*40 mm<br \/>\nGewicht: 60 \u00b1 5g<\/p>","protected":false},"excerpt":{"rendered":"<p>Und Fog-25-Gyro mit hoher Pr\u00e4zisions- und Niedrigkosten-Nebelrate (speziell ausgestatteter Ersatz f\u00fcr Gyro mit fl\u00fcssiger Schwimmrate) ist speziell f\u00fcr die Einstellungsmessung des Fahrzeugs ausgelegt und kann fl\u00fcssiges schwimmendes oder semi-fl\u00fcssiges Schwimmrate-Gyro ersetzen. Es ist einfach zu installieren, einfach zu bedienen, stabil und zuverl\u00e4ssig. Benutzer m\u00fcssen nur einen Stecker verwenden, um Stromversorgung und externes Motherboard bereitzustellen und Gyro -Ausgangsdaten zu erhalten. Das Produkt kann auch f\u00fcr Navigation, Anleitung und andere Bereiche verwendet werden.<\/p>","protected":false},"featured_media":1841,"comment_status":"closed","ping_status":"closed","template":"","meta":[],"product_brand":[],"product_cat":[22],"product_tag":[],"class_list":{"0":"post-1839","1":"product","2":"type-product","3":"status-publish","4":"has-post-thumbnail","6":"product_cat-gyro-sensor","8":"first","9":"instock","10":"shipping-taxable","11":"product-type-simple"},"_links":{"self":[{"href":"https:\/\/www.andelutech.com\/de\/wp-json\/wp\/v2\/product\/1839","targetHints":{"allow":["GET"]}}],"collection":[{"href":"https:\/\/www.andelutech.com\/de\/wp-json\/wp\/v2\/product"}],"about":[{"href":"https:\/\/www.andelutech.com\/de\/wp-json\/wp\/v2\/types\/product"}],"replies":[{"embeddable":true,"href":"https:\/\/www.andelutech.com\/de\/wp-json\/wp\/v2\/comments?post=1839"}],"wp:featuredmedia":[{"embeddable":true,"href":"https:\/\/www.andelutech.com\/de\/wp-json\/wp\/v2\/media\/1841"}],"wp:attachment":[{"href":"https:\/\/www.andelutech.com\/de\/wp-json\/wp\/v2\/media?parent=1839"}],"wp:term":[{"taxonomy":"product_brand","embeddable":true,"href":"https:\/\/www.andelutech.com\/de\/wp-json\/wp\/v2\/product_brand?post=1839"},{"taxonomy":"product_cat","embeddable":true,"href":"https:\/\/www.andelutech.com\/de\/wp-json\/wp\/v2\/product_cat?post=1839"},{"taxonomy":"product_tag","embeddable":true,"href":"https:\/\/www.andelutech.com\/de\/wp-json\/wp\/v2\/product_tag?post=1839"}],"curies":[{"name":"wp","href":"https:\/\/api.w.org\/{rel}","templated":true}]}}