{"id":1837,"date":"2025-04-11T17:33:19","date_gmt":"2025-04-11T09:33:19","guid":{"rendered":"https:\/\/www.andelutech.com\/?post_type=product&#038;p=1837"},"modified":"2026-01-15T20:26:37","modified_gmt":"2026-01-15T12:26:37","slug":"high-accuracy-north-seeking-mems-imu","status":"publish","type":"product","link":"https:\/\/www.andelutech.com\/de\/product\/high-accuracy-north-seeking-mems-imu\/","title":{"rendered":"AND-MIMU-01\u00a0 High Accuracy North-Seeking MEMS IMU"},"content":{"rendered":"<p><strong><b>Anwendungsbereiche<\/b><\/strong><\/p>\n<p>Erd\u00f6lforschung;<\/p>\n<p>Br\u00fccke, hohes Geb\u00e4ude, Turm, Damm\u00fcberwachung<\/p>\n<p>Gesteins- und Boden\u00fcberwachung<\/p>\n<p>Bergbau<\/p>\n<p><strong><b>Merkmale<\/b><\/strong><\/p>\n<p>Volumen: 38,6 mm \u00d7 44,8 mm \u00d7 21,8 mm;<\/p>\n<p>5 -V -Stromversorgung, geringem Stromverbrauch 1,0W;<\/p>\n<p>Leichtgewicht: \u2264 60 g;<\/p>\n<p>Zu den Produkten geh\u00f6ren X, Y, Z Drei-Achsen-Mems Gyro und X, Y, Z Drei-Achsen-MEMS-Beschleunigungsmesser;<\/p>\n<p>RS422 Buskommunikation, Baud -Rate von 9600 ~ 921600 kann festgelegt werden.<\/p>\n<p>Wenn Sie sich f\u00fcr eine hohe Genauigkeit von North-suchking-Mems imu interessieren, wenden Sie sich an uns:\u00a0<a href=\"mailto:info@joinsunny.cn\"><span style=\"color: #0000ff;\"><strong><b>info@andelutech.com<\/b><\/strong><\/span><\/a><\/p>","protected":false},"excerpt":{"rendered":"<p><strong><b>Produkteinf\u00fchrung<\/b><\/strong><\/p>\n<p>Inertiale Messeinheit, die als IMU bezeichnet wird, ist ein Ger\u00e4t zur Messung des Einstellungswinkels (oder der Winkelgeschwindigkeit) und der Beschleunigung der drei Achse des Objekts. Gyroskop und Beschleunigungsmesser sind die Kernger\u00e4te des Tr\u00e4gheitsnavigationssystems (INS). Mit dem eingebauten Beschleunigungsmessersensor und Gyroskop kann die IMU die lineare Beschleunigungs- und Drehungsgeschwindigkeit aus drei Richtungen messen und die Einstellung, Geschwindigkeits- und Verschiebungsinformationen des Tr\u00e4gers durch die Aufl\u00f6sung erhalten.<\/p>\n<p>Und mimu-01 verwendet\u00a0<span style=\"color: #0000ff;\">MEMS Accelerometer\u00a0<\/span>und\u00a0<span style=\"color: #0000ff;\">gyroskop<\/span>\u00a0Mit hoher Qualit\u00e4t und Zuverl\u00e4ssigkeit, RS422 und externer Kommunikation kann die Baud -Rate \u00fcber das Kommunikationsprotokoll FLEXIBEL zwischen 9600 ~ 921600 festgelegt werden, um die erforderliche Kommunikations -Baud -Rate des Benutzers festzulegen. With X, Y, Z three-axis precision gyro, X, Y, Z three-axis accelerometer with high resolution, can be output by RS422 X, Y, Z three axis of gyroscope and accelerometer\u2019s original hexadecimal complement data (including gyro hexadecimal complement the numerical temperature, angle, the accelerometer hexadecimal temperature, the acceleration hexadecimal<\/p>","protected":false},"featured_media":1845,"comment_status":"open","ping_status":"closed","template":"","meta":[],"product_brand":[],"product_cat":[26],"product_tag":[],"class_list":{"0":"post-1837","1":"product","2":"type-product","3":"status-publish","4":"has-post-thumbnail","6":"product_cat-imu-mems-ins","8":"first","9":"instock","10":"shipping-taxable","11":"product-type-simple"},"_links":{"self":[{"href":"https:\/\/www.andelutech.com\/de\/wp-json\/wp\/v2\/product\/1837","targetHints":{"allow":["GET"]}}],"collection":[{"href":"https:\/\/www.andelutech.com\/de\/wp-json\/wp\/v2\/product"}],"about":[{"href":"https:\/\/www.andelutech.com\/de\/wp-json\/wp\/v2\/types\/product"}],"replies":[{"embeddable":true,"href":"https:\/\/www.andelutech.com\/de\/wp-json\/wp\/v2\/comments?post=1837"}],"wp:featuredmedia":[{"embeddable":true,"href":"https:\/\/www.andelutech.com\/de\/wp-json\/wp\/v2\/media\/1845"}],"wp:attachment":[{"href":"https:\/\/www.andelutech.com\/de\/wp-json\/wp\/v2\/media?parent=1837"}],"wp:term":[{"taxonomy":"product_brand","embeddable":true,"href":"https:\/\/www.andelutech.com\/de\/wp-json\/wp\/v2\/product_brand?post=1837"},{"taxonomy":"product_cat","embeddable":true,"href":"https:\/\/www.andelutech.com\/de\/wp-json\/wp\/v2\/product_cat?post=1837"},{"taxonomy":"product_tag","embeddable":true,"href":"https:\/\/www.andelutech.com\/de\/wp-json\/wp\/v2\/product_tag?post=1837"}],"curies":[{"name":"wp","href":"https:\/\/api.w.org\/{rel}","templated":true}]}}