{"id":1826,"date":"2025-04-11T17:07:55","date_gmt":"2025-04-11T09:07:55","guid":{"rendered":"https:\/\/www.andelutech.com\/?post_type=product&#038;p=1826"},"modified":"2026-01-16T10:20:45","modified_gmt":"2026-01-16T02:20:45","slug":"and-dtg-e6-high-temperature-dynamically-tuned-gyroscope","status":"publish","type":"product","link":"https:\/\/www.andelutech.com\/de\/product\/and-dtg-e6-high-temperature-dynamically-tuned-gyroscope\/","title":{"rendered":"Und dtg-e6 hohe Temperatur dynamisch abgestimmtes Gyroskop"},"content":{"rendered":"<p><strong><b>Merkmale<\/b><\/strong><\/p>\n<p>Leichtes Gewicht;<\/p>\n<p>Kleines Volumen;<\/p>\n<p>Kurze Startzeit;<\/p>\n<p>Hohe Temperatur.<\/p>\n<p>Wenn Sie sich f\u00fcr Hochtemperatur -DTG interessieren, kontaktieren Sie uns mit uns:<b> <\/b><a href=\"mailto:info@joinsunny.cn\"><span style=\"color: #0000ff;\"><strong><b>info@andelutech.com<\/b><\/strong><\/span><\/a><\/p>","protected":false},"excerpt":{"rendered":"<p><strong><b>Einf\u00fchrung<\/b><\/strong><\/p>\n<p>Und dtg-e6 hohe Temperatur dynamisch abgestimmt\u00a0<span style=\"color: #0000ff;\">Gyroskop<\/span>\u00a0mit hoher temperatur, geringer gr\u00f6\u00dfe und kurzer startzeit kann nicht nur im intelligenzwerk f\u00fcr \u00f6lbohrungen mit h\u00f6herem betriebstemperatur eingesetzt werden, sondern auch im kurzstrecken-raketen-einstellungssystem und im inertialmessinstrument.<\/p>","protected":false},"featured_media":1791,"comment_status":"open","ping_status":"closed","template":"","meta":[],"product_brand":[],"product_cat":[22],"product_tag":[],"class_list":{"0":"post-1826","1":"product","2":"type-product","3":"status-publish","4":"has-post-thumbnail","6":"product_cat-gyro-sensor","8":"first","9":"instock","10":"shipping-taxable","11":"product-type-simple"},"_links":{"self":[{"href":"https:\/\/www.andelutech.com\/de\/wp-json\/wp\/v2\/product\/1826","targetHints":{"allow":["GET"]}}],"collection":[{"href":"https:\/\/www.andelutech.com\/de\/wp-json\/wp\/v2\/product"}],"about":[{"href":"https:\/\/www.andelutech.com\/de\/wp-json\/wp\/v2\/types\/product"}],"replies":[{"embeddable":true,"href":"https:\/\/www.andelutech.com\/de\/wp-json\/wp\/v2\/comments?post=1826"}],"wp:featuredmedia":[{"embeddable":true,"href":"https:\/\/www.andelutech.com\/de\/wp-json\/wp\/v2\/media\/1791"}],"wp:attachment":[{"href":"https:\/\/www.andelutech.com\/de\/wp-json\/wp\/v2\/media?parent=1826"}],"wp:term":[{"taxonomy":"product_brand","embeddable":true,"href":"https:\/\/www.andelutech.com\/de\/wp-json\/wp\/v2\/product_brand?post=1826"},{"taxonomy":"product_cat","embeddable":true,"href":"https:\/\/www.andelutech.com\/de\/wp-json\/wp\/v2\/product_cat?post=1826"},{"taxonomy":"product_tag","embeddable":true,"href":"https:\/\/www.andelutech.com\/de\/wp-json\/wp\/v2\/product_tag?post=1826"}],"curies":[{"name":"wp","href":"https:\/\/api.w.org\/{rel}","templated":true}]}}