{"id":1820,"date":"2025-04-11T16:59:47","date_gmt":"2025-04-11T08:59:47","guid":{"rendered":"https:\/\/www.andelutech.com\/?post_type=product&#038;p=1820"},"modified":"2026-01-16T10:15:00","modified_gmt":"2026-01-16T02:15:00","slug":"and-dtg-e4-strapdown-dynamically-tuned-gyroscope","status":"publish","type":"product","link":"https:\/\/www.andelutech.com\/de\/product\/and-dtg-e4-strapdown-dynamically-tuned-gyroscope\/","title":{"rendered":"Und-DTG-E4-Verst\u00fcrgel dynamisch abgestimmtes Gyroskop"},"content":{"rendered":"<p><strong><b>Merkmale<\/b><\/strong><\/p>\n<p>Hohe Pr\u00e4zision;<\/p>\n<p>Leichtes Gewicht;<\/p>\n<p>Kleines Volumen;<\/p>\n<p>Hohe Zuverl\u00e4ssigkeit<\/p>\n<p>Wenn Sie an einem dynamisch abgestimmten Gyroskop interessiert sind, kontaktieren Sie uns mit uns:<span style=\"color: #0000ff;\"><b> <\/b><a href=\"mailto:info@joinsunny.cn\"><strong><b>info@andelutech.com<\/b><\/strong><\/a><\/span><\/p>","protected":false},"excerpt":{"rendered":"<p><strong><b>Einf\u00fchrung<\/b><\/strong><\/p>\n<p>Randdown\u00a0<span style=\"color: #0000ff;\">Dynamisch abgestimmtes Gyroskop\u00a0<\/span>mit vorteilen von hoher pr\u00e4zision, langer lebensdauer, breiter dynamik-reichweite und hoher zuverl\u00e4ssigkeit und inzwischen in der wasseroberfl\u00e4che und im landentwurf h\u00e4ufig ein instrument, das instrument der hubschrauber, einen fernsehantennen-tracker usw. Das Gyroskop kann auch im Inertialsystem des Raumfluges und im Land, im Meer, in der Luftfahrt, im r\u00e4umlichen Flugportern und im Plattformtyp -Einstellungssystem verwendet werden.<\/p>","protected":false},"featured_media":1822,"comment_status":"open","ping_status":"closed","template":"","meta":[],"product_brand":[],"product_cat":[22],"product_tag":[],"class_list":{"0":"post-1820","1":"product","2":"type-product","3":"status-publish","4":"has-post-thumbnail","6":"product_cat-gyro-sensor","8":"first","9":"instock","10":"shipping-taxable","11":"product-type-simple"},"_links":{"self":[{"href":"https:\/\/www.andelutech.com\/de\/wp-json\/wp\/v2\/product\/1820","targetHints":{"allow":["GET"]}}],"collection":[{"href":"https:\/\/www.andelutech.com\/de\/wp-json\/wp\/v2\/product"}],"about":[{"href":"https:\/\/www.andelutech.com\/de\/wp-json\/wp\/v2\/types\/product"}],"replies":[{"embeddable":true,"href":"https:\/\/www.andelutech.com\/de\/wp-json\/wp\/v2\/comments?post=1820"}],"wp:featuredmedia":[{"embeddable":true,"href":"https:\/\/www.andelutech.com\/de\/wp-json\/wp\/v2\/media\/1822"}],"wp:attachment":[{"href":"https:\/\/www.andelutech.com\/de\/wp-json\/wp\/v2\/media?parent=1820"}],"wp:term":[{"taxonomy":"product_brand","embeddable":true,"href":"https:\/\/www.andelutech.com\/de\/wp-json\/wp\/v2\/product_brand?post=1820"},{"taxonomy":"product_cat","embeddable":true,"href":"https:\/\/www.andelutech.com\/de\/wp-json\/wp\/v2\/product_cat?post=1820"},{"taxonomy":"product_tag","embeddable":true,"href":"https:\/\/www.andelutech.com\/de\/wp-json\/wp\/v2\/product_tag?post=1820"}],"curies":[{"name":"wp","href":"https:\/\/api.w.org\/{rel}","templated":true}]}}