{"id":1818,"date":"2025-04-11T17:20:04","date_gmt":"2025-04-11T09:20:04","guid":{"rendered":"https:\/\/www.andelutech.com\/?post_type=product&#038;p=1818"},"modified":"2026-01-16T09:58:43","modified_gmt":"2026-01-16T01:58:43","slug":"quartz-accelerometer","status":"publish","type":"product","link":"https:\/\/www.andelutech.com\/de\/product\/quartz-accelerometer\/","title":{"rendered":"AND -QA-03AQuartz Accelerometer"},"content":{"rendered":"<p>Wenn Sie sich f\u00fcr einen Hochleistungs -Quarzbeschleunigungsmesser interessieren, kontaktieren Sie uns mit uns:<strong><b>\u00a0<\/b><\/strong><a href=\"mailto:info@joinsunny.cn\"><span style=\"color: #0000ff;\"><strong><b>info@andelutech.com<\/b><\/strong><\/span><\/a><\/p>","protected":false},"excerpt":{"rendered":"<p><strong><b>Einf\u00fchrung<\/b><\/strong><\/p>\n<p>Und -qa -03a hohe Leistung\u00a0<span style=\"color: #0000ff;\">Quarzbeschleunigungsmesser<\/span>\u00a0mit hoher zuverl\u00e4ssigkeit wird haupts\u00e4chlich bei tr\u00e4gheitsmess- und testsystemen in den bereichen luft- und raumfahrt und luftfahrt verwendet. Es kann einen statischen Test und einen dynamischen Test durchf\u00fchren, bei dem es sich um einen Standard -Schwingungssensor handelt.<\/p>","protected":false},"featured_media":1834,"comment_status":"open","ping_status":"closed","template":"","meta":[],"product_brand":[],"product_cat":[25],"product_tag":[],"class_list":{"0":"post-1818","1":"product","2":"type-product","3":"status-publish","4":"has-post-thumbnail","6":"product_cat-accelerometer","8":"first","9":"instock","10":"shipping-taxable","11":"product-type-simple"},"_links":{"self":[{"href":"https:\/\/www.andelutech.com\/de\/wp-json\/wp\/v2\/product\/1818","targetHints":{"allow":["GET"]}}],"collection":[{"href":"https:\/\/www.andelutech.com\/de\/wp-json\/wp\/v2\/product"}],"about":[{"href":"https:\/\/www.andelutech.com\/de\/wp-json\/wp\/v2\/types\/product"}],"replies":[{"embeddable":true,"href":"https:\/\/www.andelutech.com\/de\/wp-json\/wp\/v2\/comments?post=1818"}],"wp:featuredmedia":[{"embeddable":true,"href":"https:\/\/www.andelutech.com\/de\/wp-json\/wp\/v2\/media\/1834"}],"wp:attachment":[{"href":"https:\/\/www.andelutech.com\/de\/wp-json\/wp\/v2\/media?parent=1818"}],"wp:term":[{"taxonomy":"product_brand","embeddable":true,"href":"https:\/\/www.andelutech.com\/de\/wp-json\/wp\/v2\/product_brand?post=1818"},{"taxonomy":"product_cat","embeddable":true,"href":"https:\/\/www.andelutech.com\/de\/wp-json\/wp\/v2\/product_cat?post=1818"},{"taxonomy":"product_tag","embeddable":true,"href":"https:\/\/www.andelutech.com\/de\/wp-json\/wp\/v2\/product_tag?post=1818"}],"curies":[{"name":"wp","href":"https:\/\/api.w.org\/{rel}","templated":true}]}}