{"id":1813,"date":"2025-04-11T16:46:35","date_gmt":"2025-04-11T08:46:35","guid":{"rendered":"https:\/\/www.andelutech.com\/?post_type=product&#038;p=1813"},"modified":"2026-01-09T14:52:05","modified_gmt":"2026-01-09T06:52:05","slug":"digital-output-type-dual-axis-tilt-sensor","status":"publish","type":"product","link":"https:\/\/www.andelutech.com\/de\/product\/digital-output-type-dual-axis-tilt-sensor\/","title":{"rendered":"AND-TM-1220DI Digital Output Type Dual Axis Tilt Sensor"},"content":{"rendered":"<p><strong><b>Merkmale<\/b><\/strong><\/p>\n<p>Zwei -Achse -Kipp\u00fcberwachung<\/p>\n<p>Genauigkeit des Vollbereichs 0,001 \u00b0, Aufl\u00f6sung 0,0005 \u00b0<\/p>\n<p>Ausgangsfrequenz 5 ~ 100 Hz (optional)<\/p>\n<p>Breiter Spannungseingang DC 11 ~ 36 V<\/p>\n<p>Breite Temperatur funktioniert -40 ~+85 \u2103<\/p>\n<p>Messbereich 0 ~ \u00b1 5 \/\u00b110\/\u00b115\/\u00b130\u00b0(optional)<\/p>\n<p>Hoher Schwingungswiderstand&gt; 20000g<\/p>\n<p>Baud Rate 2400 ~ 115200 (einstellbar)<\/p>\n<p>IP67 Schutz<\/p>\n<p>Ausgabe rs232 \/RS485\/TTL\/MODBUS (optional)<\/p>\n<p>Kleines Volumen (107*55*27 mm) (anpassbar)<\/p>\n<p><strong><b>Anwendungen<\/b><\/strong><\/p>\n<p>Hochspannungsdrahtsturm\u00fcberwachung<\/p>\n<p>Satelliten -Solarantennenpositionierung<\/p>\n<p>Lastwagen in der Luft<\/p>\n<p>Bergbaumaschinerie, \u00d6lprotokollierungsausr\u00fcstung<\/p>\n<p>Medizinische Ausr\u00fcstung<\/p>\n<p>Nivellierung<\/p>\n<p>Hydraulische Hebeplattform<\/p>\n<p>Neigungs\u00fcberwachung<\/p>\n<p>Winkelkontrolle verschiedener Baumaschinen<\/p>\n<p>Inspektion von Br\u00fccken und D\u00e4mmen<\/p>\n<p>Wenn Sie sich f\u00fcr den Tilt -Sensor mit digitalem Ausgangstyp interessieren, kontaktieren Sie uns:<strong><b>\u00a0<\/b><\/strong><a href=\"mailto:info@joinsunny.cn\"><span style=\"color: #0000ff;\"><strong><b>info@joinsunny.cn<\/b><\/strong><\/span><\/a><\/p>","protected":false},"excerpt":{"rendered":"<p><strong><b>Einf\u00fchrung<\/b><\/strong><\/p>\n<p>Es handelt sich um eine hohe Temperaturkompensation mit hoher Achsen mit einer Aufl\u00f6sung von 0,0005 \u00b0, einer Genauigkeit von 0,001 \u00b0 und einer Temperaturdrift von 0,0005 \u00b0 \/ \u2103. Die Ausgangsschnittstelle verf\u00fcgt \u00fcber RS232, RS485, RS422, TTL und Modbus zur Auswahl.<\/p>\n<p>Der Tilt -Sensor \u00fcbernimmt eine digitale Signal\u00fcbertragung und unterst\u00fctzt professionelle Computersoftware, Datenmessung und Aufzeichnung. Es ist eine nichtkontakte Installation. Der Bediener muss den Sensor nur auf der Oberfl\u00e4che des Objekts mit Schrauben befestigen, um den horizontalen Winkel des Objekts zu berechnen. Es hat auch die Vorteile eines starken Widerstands gegen externe elektromagnetische Interferenzen und starker Erdbebenresistenz.<\/p>","protected":false},"featured_media":3371,"comment_status":"open","ping_status":"closed","template":"","meta":[],"product_brand":[],"product_cat":[24],"product_tag":[],"class_list":{"0":"post-1813","1":"product","2":"type-product","3":"status-publish","4":"has-post-thumbnail","6":"product_cat-tilt-sensor","8":"first","9":"instock","10":"shipping-taxable","11":"product-type-simple"},"_links":{"self":[{"href":"https:\/\/www.andelutech.com\/de\/wp-json\/wp\/v2\/product\/1813","targetHints":{"allow":["GET"]}}],"collection":[{"href":"https:\/\/www.andelutech.com\/de\/wp-json\/wp\/v2\/product"}],"about":[{"href":"https:\/\/www.andelutech.com\/de\/wp-json\/wp\/v2\/types\/product"}],"replies":[{"embeddable":true,"href":"https:\/\/www.andelutech.com\/de\/wp-json\/wp\/v2\/comments?post=1813"}],"wp:featuredmedia":[{"embeddable":true,"href":"https:\/\/www.andelutech.com\/de\/wp-json\/wp\/v2\/media\/3371"}],"wp:attachment":[{"href":"https:\/\/www.andelutech.com\/de\/wp-json\/wp\/v2\/media?parent=1813"}],"wp:term":[{"taxonomy":"product_brand","embeddable":true,"href":"https:\/\/www.andelutech.com\/de\/wp-json\/wp\/v2\/product_brand?post=1813"},{"taxonomy":"product_cat","embeddable":true,"href":"https:\/\/www.andelutech.com\/de\/wp-json\/wp\/v2\/product_cat?post=1813"},{"taxonomy":"product_tag","embeddable":true,"href":"https:\/\/www.andelutech.com\/de\/wp-json\/wp\/v2\/product_tag?post=1813"}],"curies":[{"name":"wp","href":"https:\/\/api.w.org\/{rel}","templated":true}]}}