{"id":1812,"date":"2025-04-11T16:57:45","date_gmt":"2025-04-11T08:57:45","guid":{"rendered":"https:\/\/www.andelutech.com\/?post_type=product&#038;p=1812"},"modified":"2026-01-16T10:09:54","modified_gmt":"2026-01-16T02:09:54","slug":"and-dtg-e3-high-accuracy-dynamically-tuned-gyroscope","status":"publish","type":"product","link":"https:\/\/www.andelutech.com\/de\/product\/and-dtg-e3-high-accuracy-dynamically-tuned-gyroscope\/","title":{"rendered":"Und DTG-E3 hohe Genauigkeit dynamisch abgestimmtes Gyroskop"},"content":{"rendered":"<p><strong><b>Merkmale<\/b><\/strong><\/p>\n<p>Hochvorbereitete Einentwicklung Flexibler Gyroskop;<\/p>\n<p>Geringes Gewicht, kleine Gr\u00f6\u00dfe und hohe Pr\u00e4zision;<\/p>\n<p>Weit verbreitete im Einstellungssystem in der Luft- und Raumfahrt angewendet.<\/p>\n<p>Wenn Sie an einem dynamisch abgestimmten Gyroskop mit hoher Genauigkeit interessiert sind, kontaktieren Sie uns mit uns:<strong><b> info@andelutech.com<\/b><\/strong><\/p>\n<p>&nbsp;<\/p>","protected":false},"excerpt":{"rendered":"<p><strong><b>Einf\u00fchrung<\/b><\/strong><\/p>\n<p>Hohe Genauigkeit\u00a0<span style=\"color: #0000ff;\">Dynamisch abgestimmtes Gyroskop<\/span>\u00a0f\u00fcr die luft- und raumfahrt mit vorteilen wie leichtes gewicht, kleiner gr\u00f6\u00dfe und hoher pr\u00e4zision wird jetzt im weltraum -einstellungssystem weit verbreitet und kann auch in den boden-, see-, luftfahrt-, luft- und raumfahrt- und anderen transporttr\u00e4gern verwendet werden.<\/p>","protected":false},"featured_media":1819,"comment_status":"open","ping_status":"closed","template":"","meta":[],"product_brand":[],"product_cat":[22],"product_tag":[],"class_list":{"0":"post-1812","1":"product","2":"type-product","3":"status-publish","4":"has-post-thumbnail","6":"product_cat-gyro-sensor","8":"first","9":"instock","10":"shipping-taxable","11":"product-type-simple"},"_links":{"self":[{"href":"https:\/\/www.andelutech.com\/de\/wp-json\/wp\/v2\/product\/1812","targetHints":{"allow":["GET"]}}],"collection":[{"href":"https:\/\/www.andelutech.com\/de\/wp-json\/wp\/v2\/product"}],"about":[{"href":"https:\/\/www.andelutech.com\/de\/wp-json\/wp\/v2\/types\/product"}],"replies":[{"embeddable":true,"href":"https:\/\/www.andelutech.com\/de\/wp-json\/wp\/v2\/comments?post=1812"}],"wp:featuredmedia":[{"embeddable":true,"href":"https:\/\/www.andelutech.com\/de\/wp-json\/wp\/v2\/media\/1819"}],"wp:attachment":[{"href":"https:\/\/www.andelutech.com\/de\/wp-json\/wp\/v2\/media?parent=1812"}],"wp:term":[{"taxonomy":"product_brand","embeddable":true,"href":"https:\/\/www.andelutech.com\/de\/wp-json\/wp\/v2\/product_brand?post=1812"},{"taxonomy":"product_cat","embeddable":true,"href":"https:\/\/www.andelutech.com\/de\/wp-json\/wp\/v2\/product_cat?post=1812"},{"taxonomy":"product_tag","embeddable":true,"href":"https:\/\/www.andelutech.com\/de\/wp-json\/wp\/v2\/product_tag?post=1812"}],"curies":[{"name":"wp","href":"https:\/\/api.w.org\/{rel}","templated":true}]}}