{"id":1809,"date":"2025-04-11T16:39:21","date_gmt":"2025-04-11T08:39:21","guid":{"rendered":"https:\/\/www.andelutech.com\/?post_type=product&#038;p=1809"},"modified":"2026-01-13T14:00:11","modified_gmt":"2026-01-13T06:00:11","slug":"and-ma-5-high-accuracy-mems-accelerometer-alternative-of-ms1000","status":"publish","type":"product","link":"https:\/\/www.andelutech.com\/de\/product\/and-ma-5-high-accuracy-mems-accelerometer-alternative-of-ms1000\/","title":{"rendered":"Und -ma -5 hohe Genauigkeits -MEMS -Beschleunigungsmesser (Alternative von MS1000)"},"content":{"rendered":"<p><strong><b>Anwendungen<\/b><\/strong><\/p>\n<p>Und -ma -5 hohe Genauigkeits -MEMS -Beschleunigungsmesser (Alternative von MS1000)<br \/>\nTr\u00e4gheitsmessung: Tr\u00e4gheitsf\u00fchrung, \u00dcberlastmessung, kombinierte Navigation<br \/>\nNeigungsmessung: Antenneneinstellung, Plattformmessung, Dip -Test<br \/>\nVibrationsmessung: mechanische Ger\u00e4te, Br\u00fcckendamm, Sicherheitstest<\/p>\n<p>Wenn Sie sich f\u00fcr einen hohen Genauigkeits -MEMS -Beschleunigungsmesser (Ersatz von MS1000) interessieren, kontaktieren Sie uns mit uns:<strong><b>\u00a0<\/b><\/strong><a href=\"mailto:info@joinsunny.cn\"><span style=\"color: #0000ff;\"><strong><b>info@joinsunny.cn<\/b><\/strong><\/span><\/a><\/p>","protected":false},"excerpt":{"rendered":"<p>Das Beschleunigungsmesser ist ein Tr\u00e4gheitssensor, der die lineare Beschleunigung aufgrund der Schwerkraft messen kann. Das MEMS -Beschleunigungsmesser hat die Eigenschaften von kleinem Volumen, geringem Gewicht und geringem Energieverbrauch, der bei Vibrationserkennung, Einstellungsregelung, Sicherheitsalarm, Verbraucheranwendungen, Bewegungserkennung und Statusaufzeichnung h\u00e4ufig verwendet werden kann. Beschleunigungsmesser werden mit Gyroskopen und Magnetometern kombiniert, um IMU (Tr\u00e4gheitsmesseinheiten) zu erzeugen.<\/p>\n<p>Anwendungen<br \/>\nUnd -ma -5 hohe Genauigkeits -MEMS -Beschleunigungsmesser (Alternative von MS1000)<br \/>\nTr\u00e4gheitsmessung: Tr\u00e4gheitsf\u00fchrung, \u00dcberlastmessung, kombinierte Navigation<br \/>\nNeigungsmessung: Antenneneinstellung, Plattformmessung, Dip -Test<br \/>\nVibrationsmessung: mechanische Ger\u00e4te, Br\u00fcckendamm, Sicherheitstest<\/p>","protected":false},"featured_media":1811,"comment_status":"open","ping_status":"closed","template":"","meta":[],"product_brand":[],"product_cat":[25],"product_tag":[],"class_list":{"0":"post-1809","1":"product","2":"type-product","3":"status-publish","4":"has-post-thumbnail","6":"product_cat-accelerometer","8":"first","9":"instock","10":"shipping-taxable","11":"product-type-simple"},"_links":{"self":[{"href":"https:\/\/www.andelutech.com\/de\/wp-json\/wp\/v2\/product\/1809","targetHints":{"allow":["GET"]}}],"collection":[{"href":"https:\/\/www.andelutech.com\/de\/wp-json\/wp\/v2\/product"}],"about":[{"href":"https:\/\/www.andelutech.com\/de\/wp-json\/wp\/v2\/types\/product"}],"replies":[{"embeddable":true,"href":"https:\/\/www.andelutech.com\/de\/wp-json\/wp\/v2\/comments?post=1809"}],"wp:featuredmedia":[{"embeddable":true,"href":"https:\/\/www.andelutech.com\/de\/wp-json\/wp\/v2\/media\/1811"}],"wp:attachment":[{"href":"https:\/\/www.andelutech.com\/de\/wp-json\/wp\/v2\/media?parent=1809"}],"wp:term":[{"taxonomy":"product_brand","embeddable":true,"href":"https:\/\/www.andelutech.com\/de\/wp-json\/wp\/v2\/product_brand?post=1809"},{"taxonomy":"product_cat","embeddable":true,"href":"https:\/\/www.andelutech.com\/de\/wp-json\/wp\/v2\/product_cat?post=1809"},{"taxonomy":"product_tag","embeddable":true,"href":"https:\/\/www.andelutech.com\/de\/wp-json\/wp\/v2\/product_tag?post=1809"}],"curies":[{"name":"wp","href":"https:\/\/api.w.org\/{rel}","templated":true}]}}