{"id":1801,"date":"2025-04-11T16:33:38","date_gmt":"2025-04-11T08:33:38","guid":{"rendered":"https:\/\/www.andelutech.com\/?post_type=product&#038;p=1801"},"modified":"2026-01-13T13:58:45","modified_gmt":"2026-01-13T05:58:45","slug":"and-mns-05-cost-efficient-triaxial-mems-north-seeker","status":"publish","type":"product","link":"https:\/\/www.andelutech.com\/de\/product\/and-mns-05-cost-efficient-triaxial-mems-north-seeker\/","title":{"rendered":"Und MNS-05 kosteneffizient"},"content":{"rendered":"<p><strong><b>1. Technische Merkmale<\/b><\/strong><\/p>\n<p>Triaxial Mems Gyro und Beschleunigungsmesser<\/p>\n<p>Volltemperaturkompensation<\/p>\n<p>Hohe Leistung und Minigr\u00f6\u00dfe<\/p>\n<p>Geringes Gewicht, geringer Stromverbrauch<\/p>\n<p>-45 \u2103 bis +80 \u2103 volltemperaturkala -kompensation<\/p>\n<p>4kHz Hochgeschwindigkeitsabtastung<\/p>\n<p>Resistent gegen harte mechanische Umgebung<\/p>\n<p>Haben Software Online -Upgrade -Funktion<\/p>\n<p><strong><b>2. Technische Vorteile<\/b><\/strong><\/p>\n<p><strong><b>1) Die Genauigkeit kann angepasst werden, kann auch in vielen Bereichen h\u00e4ufig verwendet werden<\/b><\/strong><\/p>\n<p>Und MNS-05-Trixialmems North Seeker ist eine \u00e4u\u00dferst zuverl\u00e4ssige und kosteng\u00fcnstige Kombination von Inertialsensoren mit sechs Achsen, die bei Navigation, Kontroll- und Messfeldern h\u00e4ufig verwendet werden k\u00f6nnen, die durch die intiale Navigation und die Stabilisierung der Haltung dargestellt werden. Und MNS-05 3-Achsenmems North Seeker k\u00f6nnen mit unterschiedlichen Hardware und Software entsprechend den Benutzern konfiguriert werden, um den Anforderungen verschiedener Benutzer zu erf\u00fcllen.<\/p>\n<p><strong><b>2)<\/b><\/strong>\u00a0<strong><b>Fortschrittlicher Prozess und Technologie<\/b><\/strong><\/p>\n<p>Der und MNS-05 3-Achsen-Mems North Seeker integriert Hochleistungsmems-Gyroskop- und MEMS-Beschleunigungsmesser in einer unabh\u00e4ngigen Struktur. Das im Modul ausgew\u00e4hlte Gyroskop und Beschleunigungsmesser repr\u00e4sentieren die f\u00fchrende Intialger\u00e4te von MEMS -Prozessen. Das Drei-Achsen-MEMS-Gyroskop ist empfindlich gegen\u00fcber der Winkelbewegung des Tr\u00e4gers, und das Drei-Achsen-MEMS-Beschleunigungsmesser ist empfindlich gegen\u00fcber der linearen Beschleunigung des Tr\u00e4gers. Der Nullposition, der Skalierungsfaktor, der nicht veraltete Fehler und die Beschleunigungsbeziehung des gesamten Temperaturparameters werden im Modul kompensiert. Es kann auch lange Zeit eine hohe Messgenauigkeit aufrechterhalten. Gleichzeitig \u00fcbernimmt das Modul die Gesamtschwingungsreduzierung, das Versiegelungsdesign und andere Ma\u00dfnahmen, um sicherzustellen, dass das Produkt die Angular- und Linearbewegungsparameter des Tr\u00e4gers in der rauen Umgebung immer noch genau messen, um den Benutzern eine kosteng\u00fcnstige und hohe Zuverl\u00e4ssigkeitsl\u00f6sung zu bieten.<\/p>\n<p><strong><b>3)<\/b><\/strong>\u00a0<strong><b>Hersteller- und Systemkalibrierungskompensationstechnologie mit hohen Pr\u00e4zisionskomponenten.<\/b><\/strong><\/p>\n<p>Wir haben eine Reihe von Schl\u00fcsseltechnologien im Forschungs- und Entwicklungsprozess dieses Projekts angesammelt, um die hohe Leistung der Produkte zu gew\u00e4hrleisten. Gleichzeitig nimmt das System Hochgeschwindigkeitsabtastungen, statische Fehlerkompensation (Null-Position, Skalierungsfaktor, Installationsfehler und andere Feinkompensation in der gesamten Temperaturzone), dynamische Fehlerkompensation und andere Technologien an, um sicherzustellen, dass das Produkt w\u00e4hrend des Verwendungsprozesses die beste Leistung erzielt.<\/p>\n<p><strong><b>4)<\/b><\/strong>\u00a0<strong><b>Hohe Qualit\u00e4t und Zuverl\u00e4ssigkeit<\/b><\/strong><\/p>\n<p>Durch die umfassende Kontrolle der Upstream- und Downstream -Prozesse und -Technologien kann das Unternehmen die Produktqualit\u00e4t effektiv verbessern und die Systemkosten senken. Gleichzeitig implementiert das Unternehmen ISO9001- und GJB -Qualit\u00e4tssysteme, die strenge Prozesse anwenden, um die Zuverl\u00e4ssigkeit und Konsistenz der Produktleistung zu gew\u00e4hrleisten.<\/p>\n<p>Besonders in der W\u00fcste und in anderen Au\u00dfenbereichen ist die Pr\u00e4zision traditioneller geomagnetischer Nordfindungsschemata nicht hoch. Und MNS-05 Triaxial Mems North Seekarer, die von unserem Unternehmen erzeugt werden, haben die Merkmale, frei von Umwelteintr\u00e4gen, hoher Pr\u00e4zisionsmessung, geringer Gr\u00f6\u00dfe und geringem Stromverbrauch zu sein, was die oben genannten Anforderungen gut erf\u00fcllen kann.<\/p>\n<p><strong><b>3.Applications<\/b><\/strong><\/p>\n<p>Nordfinder<\/p>\n<p>Navigation und Kontrolle<\/p>\n<p>Einstellungsreferenzsystem<\/p>\n<p>Anleitung<\/p>\n<p>Messung des Fahrzeug- und Schiffsbeh\u00f6rde<\/p>\n<p>Integrierter inertial \/satellite Navigationssystem<\/p>\n<p>Bohr- und Produktionssysteme<\/p>\n<p>Mobiles Mapping -System<\/p>\n<p>On-the-Move<\/p>\n<p>Wenn Sie sich f\u00fcr kosteneffizientes dreifacher Mems-Nordfinder interessieren, kontaktieren Sie uns:<strong><b>\u00a0<\/b><\/strong><a href=\"mailto:info@joinsunny.cn\"><span style=\"color: #0000ff;\"><strong><b>info@joinsunny.cn<\/b><\/strong><\/span><\/a><\/p>","protected":false},"excerpt":{"rendered":"<p><strong><b>Anwendungen<br \/>\nNordfinder<br \/>\nNavigation und Kontrolle<br \/>\nEinstellungsreferenzsystem<br \/>\nAnleitung<br \/>\nMessung des Fahrzeug- und Schiffsbeh\u00f6rde<br \/>\nIntegrierter inertial \/satellite Navigationssystem<br \/>\nBohr- und Produktionssysteme<br \/>\nMobiles Mapping -System<br \/>\nOn-the-Move<\/b><\/strong><\/p>","protected":false},"featured_media":1803,"comment_status":"open","ping_status":"closed","template":"","meta":[],"product_brand":[],"product_cat":[25],"product_tag":[],"class_list":{"0":"post-1801","1":"product","2":"type-product","3":"status-publish","4":"has-post-thumbnail","6":"product_cat-accelerometer","8":"first","9":"instock","10":"shipping-taxable","11":"product-type-simple"},"_links":{"self":[{"href":"https:\/\/www.andelutech.com\/de\/wp-json\/wp\/v2\/product\/1801","targetHints":{"allow":["GET"]}}],"collection":[{"href":"https:\/\/www.andelutech.com\/de\/wp-json\/wp\/v2\/product"}],"about":[{"href":"https:\/\/www.andelutech.com\/de\/wp-json\/wp\/v2\/types\/product"}],"replies":[{"embeddable":true,"href":"https:\/\/www.andelutech.com\/de\/wp-json\/wp\/v2\/comments?post=1801"}],"wp:featuredmedia":[{"embeddable":true,"href":"https:\/\/www.andelutech.com\/de\/wp-json\/wp\/v2\/media\/1803"}],"wp:attachment":[{"href":"https:\/\/www.andelutech.com\/de\/wp-json\/wp\/v2\/media?parent=1801"}],"wp:term":[{"taxonomy":"product_brand","embeddable":true,"href":"https:\/\/www.andelutech.com\/de\/wp-json\/wp\/v2\/product_brand?post=1801"},{"taxonomy":"product_cat","embeddable":true,"href":"https:\/\/www.andelutech.com\/de\/wp-json\/wp\/v2\/product_cat?post=1801"},{"taxonomy":"product_tag","embeddable":true,"href":"https:\/\/www.andelutech.com\/de\/wp-json\/wp\/v2\/product_tag?post=1801"}],"curies":[{"name":"wp","href":"https:\/\/api.w.org\/{rel}","templated":true}]}}