{"id":1792,"date":"2025-04-11T15:38:35","date_gmt":"2025-04-11T07:38:35","guid":{"rendered":"https:\/\/www.andelutech.com\/?post_type=product&#038;p=1792"},"modified":"2026-01-16T10:09:29","modified_gmt":"2026-01-16T02:09:29","slug":"and-dtg-e2-oil-and-gas-dtg-gyroscope","status":"publish","type":"product","link":"https:\/\/www.andelutech.com\/de\/product\/and-dtg-e2-oil-and-gas-dtg-gyroscope\/","title":{"rendered":"Und DTG-E2-\u00d6l- und Gas-DTG-Gyroskop"},"content":{"rendered":"<p><strong><b>Merkmale<\/b><\/strong><\/p>\n<p>Arbeitstemperatur von bis zu 100 Grad Celsius<\/p>\n<p>Besser auf die Bohrfelder angewendet<\/p>\n<p>Starke Anpassungsf\u00e4higkeit<\/p>\n<p>Wenn Sie sich f\u00fcr \u00d6l- und Gas -DTG -Gyroskop interessieren, kontaktieren Sie uns:<strong><b> info@andelutech.com<\/b><\/strong><\/p>","protected":false},"excerpt":{"rendered":"<p><strong><b>Einf\u00fchrung<\/b><\/strong><\/p>\n<p>\u00d6l und Gas<span style=\"color: #0000ff;\">\u00a0DTG -Gyroskop<\/span>\u00a0ist speziell f\u00fcr die bohrfelder entwickelt. Nach der L\u00f6sung vieler technischer Probleme kann seine Arbeitstemperatur jetzt bis zu 100 Grad Celsius erreichen.<\/p>\n<p>In den Bohrfeldern sind Tr\u00e4gheitsger\u00e4te aufgrund der schwierigen Arbeitsbedingungen, insbesondere der h\u00f6heren Umwelttemperaturen, gr\u00f6\u00dfer und anpassungsf\u00e4higer als fliegende Felder. Daher ist die Temperatur der Anpassung und der Lebensdauer sehr schwerwiegend.<\/p>","protected":false},"featured_media":1794,"comment_status":"open","ping_status":"closed","template":"","meta":[],"product_brand":[],"product_cat":[22],"product_tag":[],"class_list":{"0":"post-1792","1":"product","2":"type-product","3":"status-publish","4":"has-post-thumbnail","6":"product_cat-gyro-sensor","8":"first","9":"instock","10":"shipping-taxable","11":"product-type-simple"},"_links":{"self":[{"href":"https:\/\/www.andelutech.com\/de\/wp-json\/wp\/v2\/product\/1792","targetHints":{"allow":["GET"]}}],"collection":[{"href":"https:\/\/www.andelutech.com\/de\/wp-json\/wp\/v2\/product"}],"about":[{"href":"https:\/\/www.andelutech.com\/de\/wp-json\/wp\/v2\/types\/product"}],"replies":[{"embeddable":true,"href":"https:\/\/www.andelutech.com\/de\/wp-json\/wp\/v2\/comments?post=1792"}],"wp:featuredmedia":[{"embeddable":true,"href":"https:\/\/www.andelutech.com\/de\/wp-json\/wp\/v2\/media\/1794"}],"wp:attachment":[{"href":"https:\/\/www.andelutech.com\/de\/wp-json\/wp\/v2\/media?parent=1792"}],"wp:term":[{"taxonomy":"product_brand","embeddable":true,"href":"https:\/\/www.andelutech.com\/de\/wp-json\/wp\/v2\/product_brand?post=1792"},{"taxonomy":"product_cat","embeddable":true,"href":"https:\/\/www.andelutech.com\/de\/wp-json\/wp\/v2\/product_cat?post=1792"},{"taxonomy":"product_tag","embeddable":true,"href":"https:\/\/www.andelutech.com\/de\/wp-json\/wp\/v2\/product_tag?post=1792"}],"curies":[{"name":"wp","href":"https:\/\/api.w.org\/{rel}","templated":true}]}}