{"id":1782,"date":"2025-04-11T14:21:08","date_gmt":"2025-04-11T06:21:08","guid":{"rendered":"https:\/\/www.andelutech.com\/?post_type=product&#038;p=1782"},"modified":"2026-01-13T13:55:50","modified_gmt":"2026-01-13T05:55:50","slug":"and-fns-03-low-cost-3-axis-fog-north-seeker","status":"publish","type":"product","link":"https:\/\/www.andelutech.com\/de\/product\/and-fns-03-low-cost-3-axis-fog-north-seeker\/","title":{"rendered":"Und FNS-03 Niedrigkosten 3 Achsen Nebel Nordseker"},"content":{"rendered":"<p><strong><b>Einf\u00fchrung<\/b><\/strong><\/p>\n<p>Und FNS-03 Niedrige Kosten\u00a0<span style=\"color: #0000ff;\">Nebel Gyro North Seeker<\/span>\u00a0verwendet faserfaser-gyroskop als kernkomponente. Es besteht haupts\u00e4chlich aus Tr\u00e4gheitsmesseinheiten (IMU), digitaler Signalverarbeitungseinheit und den Organisationen der mechanischen Teile. Es kann dem Tr\u00e4ger einen echten North Azimut -Winkel vermitteln.<\/p>\n<p>Die Produkte werden in Kohleabbau, \u00d6lbohrung, Tunnelkonstruktion und Geod\u00e4sie h\u00e4ufig verwendet. Sie k\u00f6nnen auch zur statischen anf\u00e4nglichen Ausrichtung der Raketeneinf\u00fchrung, der Waffenentzielung und der Richtungssteuerung von Radar, Antenne, Fahrzeug und anderen Objekten verwendet werden.<\/p>\n<p>Wenn Sie sich f\u00fcr Niedrigkosten 3 -Achsen -Nebel North Finder interessieren, kontaktieren Sie uns:<strong><b>\u00a0<\/b><\/strong><a href=\"mailto:info@joinsunny.cn\"><span style=\"color: #0000ff;\"><strong><b>info@joinsunny.cn<\/b><\/strong><\/span><\/a><\/p>","protected":false},"excerpt":{"rendered":"<p><strong><b>Anwendungen<\/b><\/strong><\/p>\n<p>Nordsucher<\/p>\n<p>Navigation und Kontrolle<\/p>\n<p>Einstellungsreferenzsystem<\/p>\n<p>Anleitung<\/p>\n<p>Messung des Fahrzeug- und Schiffsbeh\u00f6rde<\/p>\n<p>Integrierter inertial \/satellite Navigationssystem<\/p>\n<p>Bohr- und Produktionssysteme<\/p>\n<p>Mobiles Mapping -System<\/p>\n<p>On-the-Move<\/p>","protected":false},"featured_media":1783,"comment_status":"open","ping_status":"closed","template":"","meta":[],"product_brand":[],"product_cat":[25],"product_tag":[],"class_list":{"0":"post-1782","1":"product","2":"type-product","3":"status-publish","4":"has-post-thumbnail","6":"product_cat-accelerometer","8":"first","9":"instock","10":"shipping-taxable","11":"product-type-simple"},"_links":{"self":[{"href":"https:\/\/www.andelutech.com\/de\/wp-json\/wp\/v2\/product\/1782","targetHints":{"allow":["GET"]}}],"collection":[{"href":"https:\/\/www.andelutech.com\/de\/wp-json\/wp\/v2\/product"}],"about":[{"href":"https:\/\/www.andelutech.com\/de\/wp-json\/wp\/v2\/types\/product"}],"replies":[{"embeddable":true,"href":"https:\/\/www.andelutech.com\/de\/wp-json\/wp\/v2\/comments?post=1782"}],"wp:featuredmedia":[{"embeddable":true,"href":"https:\/\/www.andelutech.com\/de\/wp-json\/wp\/v2\/media\/1783"}],"wp:attachment":[{"href":"https:\/\/www.andelutech.com\/de\/wp-json\/wp\/v2\/media?parent=1782"}],"wp:term":[{"taxonomy":"product_brand","embeddable":true,"href":"https:\/\/www.andelutech.com\/de\/wp-json\/wp\/v2\/product_brand?post=1782"},{"taxonomy":"product_cat","embeddable":true,"href":"https:\/\/www.andelutech.com\/de\/wp-json\/wp\/v2\/product_cat?post=1782"},{"taxonomy":"product_tag","embeddable":true,"href":"https:\/\/www.andelutech.com\/de\/wp-json\/wp\/v2\/product_tag?post=1782"}],"curies":[{"name":"wp","href":"https:\/\/api.w.org\/{rel}","templated":true}]}}