{"id":1779,"date":"2025-04-11T14:09:32","date_gmt":"2025-04-11T06:09:32","guid":{"rendered":"https:\/\/www.andelutech.com\/?post_type=product&#038;p=1779"},"modified":"2026-01-13T13:54:10","modified_gmt":"2026-01-13T05:54:10","slug":"and-fns-02-high-precision-fog-north-seeker-0-02-0-1","status":"publish","type":"product","link":"https:\/\/www.andelutech.com\/de\/product\/and-fns-02-high-precision-fog-north-seeker-0-02-0-1\/","title":{"rendered":"Und FNS-02 High Precision Nebel North Seeker (0,02 \u00b0 -0,1 \u00b0)"},"content":{"rendered":"<p><strong><b>Einf\u00fchrung<\/b><\/strong><\/p>\n<p>Und FNS-02 hohe Pr\u00e4zision\u00a0<span style=\"color: #0000ff;\">Nebel North Seeker\u00a0<\/span>(0,02 \u00b0 -0,1 \u00b0) besteht haupts\u00e4chlich aus Nebel mit geschlossenem Kreislauf, Inertialmesseinheit, digitaler Signalverarbeitungseinheit und dem mechanischen Teil. Es bietet den Fluggesellschaften eine hohe Pr\u00e4zision.<\/p>\n<p>Die Produkte werden haupts\u00e4chlich zur statischen anf\u00e4nglichen Ausrichtung der Raketeneinf\u00fchrung, der Waffenentargung und der Richtungskontrolle von Radar, Antennen und gepanzertem Fahrzeug verwendet, k\u00f6nnen auch f\u00fcr Kohleabbau, \u00d6lbohrung, Tunnelkonstruktion und Geod\u00e4sie verwendet werden.<\/p>\n<p>Wenn Sie sich f\u00fcr einen hohen Pr\u00e4zisionsnebel -Nord -Finder interessieren, kontaktieren Sie uns mit uns:<strong><b>\u00a0<\/b><\/strong><a href=\"mailto:info@joinsunny.cn\"><span style=\"color: #0000ff;\"><strong><b>info@joinsunny.cn<\/b><\/strong><\/span><\/a><\/p>","protected":false},"excerpt":{"rendered":"<p>Anwendungen<br \/>\nNordsucher<br \/>\nNavigation und Kontrolle<br \/>\nEinstellungsreferenzsystem<br \/>\nAnleitung<br \/>\nMessung des Fahrzeug- und Schiffsbeh\u00f6rde<br \/>\nIntegrierter inertial \/satellite Navigationssystem<br \/>\nBohr- und Produktionssystem<br \/>\nMobiles Mapping -System<br \/>\nOn-the-Move<\/p>","protected":false},"featured_media":1781,"comment_status":"open","ping_status":"closed","template":"","meta":[],"product_brand":[],"product_cat":[25],"product_tag":[],"class_list":{"0":"post-1779","1":"product","2":"type-product","3":"status-publish","4":"has-post-thumbnail","6":"product_cat-accelerometer","8":"first","9":"instock","10":"shipping-taxable","11":"product-type-simple"},"_links":{"self":[{"href":"https:\/\/www.andelutech.com\/de\/wp-json\/wp\/v2\/product\/1779","targetHints":{"allow":["GET"]}}],"collection":[{"href":"https:\/\/www.andelutech.com\/de\/wp-json\/wp\/v2\/product"}],"about":[{"href":"https:\/\/www.andelutech.com\/de\/wp-json\/wp\/v2\/types\/product"}],"replies":[{"embeddable":true,"href":"https:\/\/www.andelutech.com\/de\/wp-json\/wp\/v2\/comments?post=1779"}],"wp:featuredmedia":[{"embeddable":true,"href":"https:\/\/www.andelutech.com\/de\/wp-json\/wp\/v2\/media\/1781"}],"wp:attachment":[{"href":"https:\/\/www.andelutech.com\/de\/wp-json\/wp\/v2\/media?parent=1779"}],"wp:term":[{"taxonomy":"product_brand","embeddable":true,"href":"https:\/\/www.andelutech.com\/de\/wp-json\/wp\/v2\/product_brand?post=1779"},{"taxonomy":"product_cat","embeddable":true,"href":"https:\/\/www.andelutech.com\/de\/wp-json\/wp\/v2\/product_cat?post=1779"},{"taxonomy":"product_tag","embeddable":true,"href":"https:\/\/www.andelutech.com\/de\/wp-json\/wp\/v2\/product_tag?post=1779"}],"curies":[{"name":"wp","href":"https:\/\/api.w.org\/{rel}","templated":true}]}}